{"id":490,"date":"2022-11-29T11:31:00","date_gmt":"2022-11-29T10:31:00","guid":{"rendered":"https:\/\/jojo-fit.ch\/?page_id=490"},"modified":"2022-11-29T13:37:08","modified_gmt":"2022-11-29T12:37:08","slug":"nordic-walking","status":"publish","type":"page","link":"https:\/\/jojo-fit.ch\/index.php\/ueber-mich\/personal-und-gruppentraining\/nordic-walking\/","title":{"rendered":"Nordic Walking"},"content":{"rendered":"\n<p><strong><mark style=\"background-color:rgba(0, 0, 0, 0)\" class=\"has-inline-color has-vivid-cyan-blue-color\">Wie effektiv ist Nordic Walking wirklich?<\/mark><\/strong> &#8211; Hoher Muskeleinsatz: Zum Vergleich: Nordic Walking ist um bis zu 50 % effektiver als Gehen ohne St\u00f6cke. Neben der Bein- und Pomuskulatur werden durch den Einsatz der St\u00f6cke auch die Arm-, Schulter- und R\u00fcckenmuskeln trainiert. Vorteil: Je mehr Muskeln beansprucht werden, desto h\u00f6her ist auch der Kalorienverbrauch.<\/p>\n\n\n\n<p><strong><mark style=\"background-color:rgba(0, 0, 0, 0)\" class=\"has-inline-color has-vivid-cyan-blue-color\">Wie lange sollte man Nordic Walking machen?<\/mark><\/strong> &#8211; Die Trainingsh\u00e4ufigkeit h\u00e4ngt von Ihrer Erfahrung ab. Demnach d\u00fcrfen Sie als Anf\u00e4nger schon mit 2-3 G\u00e4ngen pro Woche zufrieden sein, ehe Sie sich steigern. Fortgeschrittene sollten einen Trainingsumfang von vier Nordic Walking-Ausfl\u00fcgen pro Woche anstreben, mit einer Durchschnittsl\u00e4nge von etwa 45-60 Minuten.<\/p>\n\n\n\n<p><strong><mark style=\"background-color:rgba(0, 0, 0, 0)\" class=\"has-inline-color has-vivid-cyan-blue-color\">Was bringt t\u00e4gliches Nordic Walking?<\/mark><\/strong> &#8211; Nordic Walking-Fans k\u00f6nnen durch diese Ausdauersportart ihr Risiko f\u00fcr zahlreiche typische Altersbeschwerden senken. Beispielsweise f\u00fcr Osteoporose, Herz-Kreislauf-Krankheiten wie Bluthochdruck, Diabetes und R\u00fcckenschmerzen. Zudem hilft das flotte Gehen beim Abnehmen.<\/p>\n\n\n\n<p><strong><mark style=\"background-color:rgba(0, 0, 0, 0)\" class=\"has-inline-color has-vivid-cyan-blue-color\">Kann man mit Nordic Walking abnehmen?<\/mark><\/strong> &#8211; Abnehmen mit Nordic Walking funktioniert \u00fcbrigens besser als mit blo\u00dfem Walking, denn durch das Schwingen der St\u00f6cke erh\u00f6ht sich der Kalorienverbrauch um rund 50 Prozent. Wer eine Stunde nordisch walkt, verbrennt etwa 300 Kalorien. Das sind rund 130 mehr als beim schnellen Laufen ohne Hilfsmittel.<\/p>\n\n\n\n<p><strong><mark style=\"background-color:rgba(0, 0, 0, 0)\" class=\"has-inline-color has-vivid-red-color\">F\u00fcr wen ist Nordic Walking nicht geeignet?<\/mark><\/strong> <mark style=\"background-color:rgba(0, 0, 0, 0)\" class=\"has-inline-color has-vivid-red-color\">&#8211; Menschen mit Arthrose oder Problemen in den Schultergelenken t\u00e4ten sich mit Nordic Walking nicht unbedingt etwas Gutes.<\/mark><\/p>\n","protected":false},"excerpt":{"rendered":"<p>Wie effektiv ist Nordic Walking wirklich? &#8211; Hoher Muskeleinsatz: Zum Vergleich: Nordic Walking ist um bis zu 50 % effektiver als Gehen ohne St\u00f6cke. Neben der Bein- und Pomuskulatur werden durch den Einsatz der St\u00f6cke auch die Arm-, Schulter- und R\u00fcckenmuskeln trainiert. Vorteil: Je mehr Muskeln beansprucht werden, desto h\u00f6her ist auch der Kalorienverbrauch. Wie &hellip; <\/p>\n<p class=\"link-more\"><a href=\"https:\/\/jojo-fit.ch\/index.php\/ueber-mich\/personal-und-gruppentraining\/nordic-walking\/\" class=\"more-link\"><span class=\"screen-reader-text\">\u201eNordic Walking\u201c<\/span> weiterlesen<\/a><\/p>\n","protected":false},"author":1,"featured_media":0,"parent":147,"menu_order":1,"comment_status":"closed","ping_status":"closed","template":"","meta":[],"_links":{"self":[{"href":"https:\/\/jojo-fit.ch\/index.php\/wp-json\/wp\/v2\/pages\/490"}],"collection":[{"href":"https:\/\/jojo-fit.ch\/index.php\/wp-json\/wp\/v2\/pages"}],"about":[{"href":"https:\/\/jojo-fit.ch\/index.php\/wp-json\/wp\/v2\/types\/page"}],"author":[{"embeddable":true,"href":"https:\/\/jojo-fit.ch\/index.php\/wp-json\/wp\/v2\/users\/1"}],"replies":[{"embeddable":true,"href":"https:\/\/jojo-fit.ch\/index.php\/wp-json\/wp\/v2\/comments?post=490"}],"version-history":[{"count":4,"href":"https:\/\/jojo-fit.ch\/index.php\/wp-json\/wp\/v2\/pages\/490\/revisions"}],"predecessor-version":[{"id":530,"href":"https:\/\/jojo-fit.ch\/index.php\/wp-json\/wp\/v2\/pages\/490\/revisions\/530"}],"up":[{"embeddable":true,"href":"https:\/\/jojo-fit.ch\/index.php\/wp-json\/wp\/v2\/pages\/147"}],"wp:attachment":[{"href":"https:\/\/jojo-fit.ch\/index.php\/wp-json\/wp\/v2\/media?parent=490"}],"curies":[{"name":"wp","href":"https:\/\/api.w.org\/{rel}","templated":true}]}}