{"id":385,"date":"2022-11-25T10:10:28","date_gmt":"2022-11-25T09:10:28","guid":{"rendered":"https:\/\/jojo-fit.ch\/?page_id=385"},"modified":"2022-12-26T12:13:11","modified_gmt":"2022-12-26T11:13:11","slug":"saunameister","status":"publish","type":"page","link":"https:\/\/jojo-fit.ch\/index.php\/ueber-mich\/saunameister\/","title":{"rendered":"Saunameister"},"content":{"rendered":"\n<figure class=\"is-layout-flex wp-block-gallery-1 wp-block-gallery has-nested-images columns-default is-cropped\">\n<figure class=\"wp-block-image size-large\"><img decoding=\"async\" loading=\"lazy\" width=\"768\" height=\"1024\" data-id=\"1027\"  src=\"https:\/\/jojo-fit.ch\/wp-content\/uploads\/2022\/12\/20221211_141133-768x1024.jpg\" alt=\"\" class=\"wp-image-1027\" srcset=\"https:\/\/jojo-fit.ch\/wp-content\/uploads\/2022\/12\/20221211_141133-768x1024.jpg 768w, https:\/\/jojo-fit.ch\/wp-content\/uploads\/2022\/12\/20221211_141133-225x300.jpg 225w, https:\/\/jojo-fit.ch\/wp-content\/uploads\/2022\/12\/20221211_141133-1152x1536.jpg 1152w, https:\/\/jojo-fit.ch\/wp-content\/uploads\/2022\/12\/20221211_141133-1536x2048.jpg 1536w, https:\/\/jojo-fit.ch\/wp-content\/uploads\/2022\/12\/20221211_141133-scaled.jpg 1920w\" sizes=\"(max-width: 767px) 89vw, (max-width: 1000px) 54vw, (max-width: 1071px) 543px, 580px\" \/><\/figure>\n\n\n\n<figure class=\"wp-block-image size-large\"><img decoding=\"async\" loading=\"lazy\" width=\"768\" height=\"1024\" data-id=\"1028\"  src=\"https:\/\/jojo-fit.ch\/wp-content\/uploads\/2022\/12\/20221211_141117-768x1024.jpg\" alt=\"\" class=\"wp-image-1028\" srcset=\"https:\/\/jojo-fit.ch\/wp-content\/uploads\/2022\/12\/20221211_141117-768x1024.jpg 768w, https:\/\/jojo-fit.ch\/wp-content\/uploads\/2022\/12\/20221211_141117-225x300.jpg 225w, https:\/\/jojo-fit.ch\/wp-content\/uploads\/2022\/12\/20221211_141117-1152x1536.jpg 1152w, https:\/\/jojo-fit.ch\/wp-content\/uploads\/2022\/12\/20221211_141117-1536x2048.jpg 1536w, https:\/\/jojo-fit.ch\/wp-content\/uploads\/2022\/12\/20221211_141117-scaled.jpg 1920w\" sizes=\"(max-width: 767px) 89vw, (max-width: 1000px) 54vw, (max-width: 1071px) 543px, 580px\" \/><\/figure>\n\n\n\n<figure class=\"wp-block-image size-large\"><img decoding=\"async\" loading=\"lazy\" width=\"768\" height=\"1024\" data-id=\"1047\"  src=\"https:\/\/jojo-fit.ch\/wp-content\/uploads\/2022\/12\/20221221_213023-1-768x1024.jpg\" alt=\"\" class=\"wp-image-1047\" srcset=\"https:\/\/jojo-fit.ch\/wp-content\/uploads\/2022\/12\/20221221_213023-1-768x1024.jpg 768w, https:\/\/jojo-fit.ch\/wp-content\/uploads\/2022\/12\/20221221_213023-1-225x300.jpg 225w, https:\/\/jojo-fit.ch\/wp-content\/uploads\/2022\/12\/20221221_213023-1-1152x1536.jpg 1152w, https:\/\/jojo-fit.ch\/wp-content\/uploads\/2022\/12\/20221221_213023-1-1536x2048.jpg 1536w, https:\/\/jojo-fit.ch\/wp-content\/uploads\/2022\/12\/20221221_213023-1-scaled.jpg 1920w\" sizes=\"(max-width: 767px) 89vw, (max-width: 1000px) 54vw, (max-width: 1071px) 543px, 580px\" \/><\/figure>\n\n\n\n<figure class=\"wp-block-image size-large\"><img decoding=\"async\" data-id=\"1048\"  src=\"https:\/\/jojo-fit.ch\/wp-content\/uploads\/2022\/12\/20221221_213002-1-768x1024.jpg\" alt=\"\" class=\"wp-image-1048\"\/><\/figure>\n\n\n\n<figure class=\"wp-block-image size-large\"><img decoding=\"async\" loading=\"lazy\" width=\"1024\" height=\"831\" data-id=\"1083\"  src=\"https:\/\/jojo-fit.ch\/wp-content\/uploads\/2022\/12\/20221216_212741-1024x831.jpg\" alt=\"\" class=\"wp-image-1083\" srcset=\"https:\/\/jojo-fit.ch\/wp-content\/uploads\/2022\/12\/20221216_212741-1024x831.jpg 1024w, https:\/\/jojo-fit.ch\/wp-content\/uploads\/2022\/12\/20221216_212741-300x243.jpg 300w, https:\/\/jojo-fit.ch\/wp-content\/uploads\/2022\/12\/20221216_212741-768x623.jpg 768w, https:\/\/jojo-fit.ch\/wp-content\/uploads\/2022\/12\/20221216_212741-1536x1247.jpg 1536w, https:\/\/jojo-fit.ch\/wp-content\/uploads\/2022\/12\/20221216_212741-2048x1662.jpg 2048w\" sizes=\"(max-width: 767px) 89vw, (max-width: 1000px) 54vw, (max-width: 1071px) 543px, 580px\" \/><\/figure>\n<\/figure>\n\n\n\n<p><strong><mark style=\"background-color:rgba(0, 0, 0, 0)\" class=\"has-inline-color has-vivid-cyan-blue-color\">Was bringt es in die Sauna zu gehen?<\/mark><\/strong> &#8211; Saunag\u00e4nge sind gesund: Der Wechsel von trocken &#8211; heisser Luft und anschlie\u00dfender Abk\u00fchlung \u00fcbt auf den K\u00f6rper einen starken Reiz aus, der alle Organsysteme anregt, den Stoffwechsel auf Hochtouren bringt und die Abwehrkr\u00e4fte st\u00e4rkt.<\/p>\n\n\n\n<p><strong><mark style=\"background-color:rgba(0, 0, 0, 0)\" class=\"has-inline-color has-vivid-cyan-blue-color\">Wie lange darf man im Sauna bleiben?<\/mark><\/strong> &#8211; 8 bis 10 Minuten in der Sauna bleiben. Maximal jedoch so lange, wie Sie sich gut dabei f\u00fchlen! In der Sauna: Handtuch unterlegen, damit Ihr K\u00f6rper nicht mit dem Holz in Ber\u00fchrung kommt. Je weiter oben Sie in der Sauna sitzen, desto h\u00f6her ist die Temperatur.<\/p>\n\n\n\n<p><strong><mark style=\"background-color:rgba(0, 0, 0, 0)\" class=\"has-inline-color has-vivid-cyan-blue-color\">Ist Sauna gut f\u00fcr die Psyche?<\/mark><\/strong> &#8211; Sauna hilft gegen Stress &#8211; Sowohl K\u00f6rper als auch Seele profitieren von der Erholung, die die Sauna bietet. So liefern Studien Hinweise, dass richtig saunieren zu einer vermehrten Aussch\u00fcttung von Endorphinen f\u00fchren und uns so gl\u00fccklicher machen.<\/p>\n\n\n\n<p><strong><mark style=\"background-color:rgba(0, 0, 0, 0)\" class=\"has-inline-color has-vivid-cyan-blue-color\">Warum muss man nach der Sauna kalt duschen?<\/mark><\/strong> &#8211; Kaltes Wasser beugt \u00fcberdies dem Absacken des Blutes in die untere K\u00f6rperh\u00e4lfte vor, dem so genannten Orthostaseeffekt, der f\u00fcr gew\u00f6hnlich nach dem Aufstehen und Verlassen der Sauna eintritt und sich durch Schwindel und leichte \u00dcbelkeit unangenehm bemerkbar machen kann.<\/p>\n\n\n\n<p><strong><mark style=\"background-color:rgba(0, 0, 0, 0)\" class=\"has-inline-color has-vivid-cyan-blue-color\">Wann ist die beste Zeit zum Saunieren?<\/mark><\/strong> &#8211; Am g\u00fcnstigsten ist es allein aus praktischen Gr\u00fcnden, die Sauna am Nachmittag oder fr\u00fchen Abend zu besuchen. Wer sp\u00e4ter am Abend einen Saunagang macht, muss mit Schlafst\u00f6rungen rechnen Probieren Sie aber am besten selbst aus, zu welcher Tageszeit Sie sich w\u00e4hrend und nach dem Saunabesuch am wohlsten f\u00fchlen.<\/p>\n\n\n\n<figure class=\"is-layout-flex wp-block-gallery-3 wp-block-gallery has-nested-images columns-default is-cropped\"><\/figure>\n","protected":false},"excerpt":{"rendered":"<p>Was bringt es in die Sauna zu gehen? &#8211; Saunag\u00e4nge sind gesund: Der Wechsel von trocken &#8211; heisser Luft und anschlie\u00dfender Abk\u00fchlung \u00fcbt auf den K\u00f6rper einen starken Reiz aus, der alle Organsysteme anregt, den Stoffwechsel auf Hochtouren bringt und die Abwehrkr\u00e4fte st\u00e4rkt. Wie lange darf man im Sauna bleiben? &#8211; 8 bis 10 Minuten &hellip; <\/p>\n<p class=\"link-more\"><a href=\"https:\/\/jojo-fit.ch\/index.php\/ueber-mich\/saunameister\/\" class=\"more-link\"><span class=\"screen-reader-text\">\u201eSaunameister\u201c<\/span> weiterlesen<\/a><\/p>\n","protected":false},"author":1,"featured_media":0,"parent":13,"menu_order":6,"comment_status":"closed","ping_status":"closed","template":"","meta":[],"_links":{"self":[{"href":"https:\/\/jojo-fit.ch\/index.php\/wp-json\/wp\/v2\/pages\/385"}],"collection":[{"href":"https:\/\/jojo-fit.ch\/index.php\/wp-json\/wp\/v2\/pages"}],"about":[{"href":"https:\/\/jojo-fit.ch\/index.php\/wp-json\/wp\/v2\/types\/page"}],"author":[{"embeddable":true,"href":"https:\/\/jojo-fit.ch\/index.php\/wp-json\/wp\/v2\/users\/1"}],"replies":[{"embeddable":true,"href":"https:\/\/jojo-fit.ch\/index.php\/wp-json\/wp\/v2\/comments?post=385"}],"version-history":[{"count":7,"href":"https:\/\/jojo-fit.ch\/index.php\/wp-json\/wp\/v2\/pages\/385\/revisions"}],"predecessor-version":[{"id":1086,"href":"https:\/\/jojo-fit.ch\/index.php\/wp-json\/wp\/v2\/pages\/385\/revisions\/1086"}],"up":[{"embeddable":true,"href":"https:\/\/jojo-fit.ch\/index.php\/wp-json\/wp\/v2\/pages\/13"}],"wp:attachment":[{"href":"https:\/\/jojo-fit.ch\/index.php\/wp-json\/wp\/v2\/media?parent=385"}],"curies":[{"name":"wp","href":"https:\/\/api.w.org\/{rel}","templated":true}]}}