{"id":338,"date":"2022-11-25T06:57:34","date_gmt":"2022-11-25T05:57:34","guid":{"rendered":"https:\/\/jojo-fit.ch\/?page_id=338"},"modified":"2022-11-29T13:35:59","modified_gmt":"2022-11-29T12:35:59","slug":"masseur-klassische-massage","status":"publish","type":"page","link":"https:\/\/jojo-fit.ch\/index.php\/ueber-mich\/masseur-klassische-massage\/","title":{"rendered":"Masseur &#8211; Klassische Massage"},"content":{"rendered":"\n<p><strong>Die klassische Massage<\/strong> wird eingesetzt, zur Gesundheitsf\u00f6rderung- und Pr\u00e4vention, zur Erhaltung der Gesundheit oder Wiederherrstellung des k\u00f6rperlichen und seelischen Gleichgewicht, d. h. zur Normalisierung ver\u00e4nderter Gewebezust\u00e4nde sowie aller Organfunktionen.<\/p>\n\n\n\n<p><strong><mark style=\"background-color:rgba(0, 0, 0, 0)\" class=\"has-inline-color has-vivid-cyan-blue-color\">Indikationen<\/mark><\/strong><\/p>\n\n\n\n<ul>\n<li>Verklebung und schlechte Verschiebung der Haut<\/li>\n\n\n\n<li>Stoffwechselablagerung und Verh\u00e4rtung in der Haut, im Bindegewebe und Muskulatur<\/li>\n\n\n\n<li>Verspannungen der Muskulatur<\/li>\n\n\n\n<li>Schlaffe Muskulatur<\/li>\n\n\n\n<li>Muskul\u00e4re Dysbalance<\/li>\n\n\n\n<li>Haltungsfehler<\/li>\n\n\n\n<li>Atrophierte Muskulatur<\/li>\n\n\n\n<li>Haltungsfehler<\/li>\n\n\n\n<li>Schlechte arterielle und ven\u00f6se Durchblutung<\/li>\n\n\n\n<li>Regeneration nach grossen K\u00f6rperleistung<\/li>\n\n\n\n<li>Kopfschmerzen<\/li>\n\n\n\n<li>Stress und \u00dcberlastung<\/li>\n\n\n\n<li>Schlafst\u00f6rung<\/li>\n\n\n\n<li>Nervosit\u00e4t \/ innere Unruhe<\/li>\n\n\n\n<li>Schlechte Atmung<\/li>\n\n\n\n<li>Depressive Stimmungslage<\/li>\n<\/ul>\n\n\n\n<p><mark style=\"background-color:rgba(0, 0, 0, 0)\" class=\"has-inline-color has-vivid-red-color\"><strong>Kontraindikationen<mark style=\"background-color:rgba(0, 0, 0, 0)\" class=\"has-inline-color has-vivid-cyan-blue-color\"><\/mark><\/strong><\/mark><\/p>\n\n\n\n<ul>\n<li><mark style=\"background-color:rgba(0, 0, 0, 0)\" class=\"has-inline-color has-vivid-red-color\">Venenentz\u00fcndung<\/mark><\/li>\n\n\n\n<li><mark style=\"background-color:rgba(0, 0, 0, 0)\" class=\"has-inline-color has-vivid-red-color\">Verstopfung von Arterien<\/mark><\/li>\n\n\n\n<li><mark style=\"background-color:rgba(0, 0, 0, 0)\" class=\"has-inline-color has-vivid-red-color\">Pl\u00f6tzliche Verschlechterung von Allgemeinzustandes<\/mark><\/li>\n\n\n\n<li><mark style=\"background-color:rgba(0, 0, 0, 0)\" class=\"has-inline-color has-vivid-red-color\">Schwerste Herz- und Kreislauferkrankung<\/mark><\/li>\n\n\n\n<li><mark style=\"background-color:rgba(0, 0, 0, 0)\" class=\"has-inline-color has-vivid-red-color\">Infektionskrankheiten \/ Tumoren<\/mark><\/li>\n\n\n\n<li><mark style=\"background-color:rgba(0, 0, 0, 0)\" class=\"has-inline-color has-vivid-red-color\">Krebs<\/mark><\/li>\n<\/ul>\n\n\n\n<div style=\"height:36px\" aria-hidden=\"true\" class=\"wp-block-spacer\"><\/div>\n\n\n\n<p><strong><mark style=\"background-color:rgba(0, 0, 0, 0)\" class=\"has-inline-color has-vivid-cyan-blue-color\">MASSAGEGRIFFE UND DIE REIHENFOLGE<\/mark><\/strong><\/p>\n\n\n\n<ul>\n<li><strong><mark style=\"background-color:rgba(0, 0, 0, 0)\" class=\"has-inline-color has-vivid-cyan-blue-color\">Bauchlage<\/mark><\/strong>\n<ul>\n<li>Beinmassage dorsal (hinten)<\/li>\n\n\n\n<li> R\u00fccken- und Nackenmassage<\/li>\n<\/ul>\n<\/li>\n\n\n\n<li><strong><mark style=\"background-color:rgba(0, 0, 0, 0)\" class=\"has-inline-color has-vivid-cyan-blue-color\">R\u00fcckenlage<\/mark><\/strong>\n<ul>\n<li>Beinmassage ventral (vorne)<\/li>\n\n\n\n<li>Brustkorbmassage<\/li>\n\n\n\n<li>Arm- und Handmassag<\/li>\n\n\n\n<li>Fussmassage<\/li>\n<\/ul>\n<\/li>\n<\/ul>\n\n\n\n<p><\/p>\n","protected":false},"excerpt":{"rendered":"<p>Die klassische Massage wird eingesetzt, zur Gesundheitsf\u00f6rderung- und Pr\u00e4vention, zur Erhaltung der Gesundheit oder Wiederherrstellung des k\u00f6rperlichen und seelischen Gleichgewicht, d. h. zur Normalisierung ver\u00e4nderter Gewebezust\u00e4nde sowie aller Organfunktionen. Indikationen Kontraindikationen MASSAGEGRIFFE UND DIE REIHENFOLGE<\/p>\n","protected":false},"author":1,"featured_media":0,"parent":13,"menu_order":4,"comment_status":"closed","ping_status":"closed","template":"","meta":[],"_links":{"self":[{"href":"https:\/\/jojo-fit.ch\/index.php\/wp-json\/wp\/v2\/pages\/338"}],"collection":[{"href":"https:\/\/jojo-fit.ch\/index.php\/wp-json\/wp\/v2\/pages"}],"about":[{"href":"https:\/\/jojo-fit.ch\/index.php\/wp-json\/wp\/v2\/types\/page"}],"author":[{"embeddable":true,"href":"https:\/\/jojo-fit.ch\/index.php\/wp-json\/wp\/v2\/users\/1"}],"replies":[{"embeddable":true,"href":"https:\/\/jojo-fit.ch\/index.php\/wp-json\/wp\/v2\/comments?post=338"}],"version-history":[{"count":12,"href":"https:\/\/jojo-fit.ch\/index.php\/wp-json\/wp\/v2\/pages\/338\/revisions"}],"predecessor-version":[{"id":529,"href":"https:\/\/jojo-fit.ch\/index.php\/wp-json\/wp\/v2\/pages\/338\/revisions\/529"}],"up":[{"embeddable":true,"href":"https:\/\/jojo-fit.ch\/index.php\/wp-json\/wp\/v2\/pages\/13"}],"wp:attachment":[{"href":"https:\/\/jojo-fit.ch\/index.php\/wp-json\/wp\/v2\/media?parent=338"}],"curies":[{"name":"wp","href":"https:\/\/api.w.org\/{rel}","templated":true}]}}