{"id":310,"date":"2022-11-25T00:15:54","date_gmt":"2022-11-24T23:15:54","guid":{"rendered":"https:\/\/jojo-fit.ch\/?page_id=310"},"modified":"2022-11-29T22:49:48","modified_gmt":"2022-11-29T21:49:48","slug":"slackline","status":"publish","type":"page","link":"https:\/\/jojo-fit.ch\/index.php\/hobbys\/slackline\/","title":{"rendered":"Slackline"},"content":{"rendered":"\n<ul>\n<li><strong><mark style=\"background-color:rgba(0, 0, 0, 0)\" class=\"has-inline-color has-vivid-cyan-blue-color\">F\u00fcr was ist Slackline gut?<\/mark><\/strong> &#8211; Das Balancieren auf dem Seil st\u00e4rkt die tiefe R\u00fcckenmuskulatur und f\u00f6rdert so die Gelenkstabilisation. Auch eine Fehlstellung der Wirbels\u00e4ule kann durch Slacklinen entgegengewirkt werden.<\/li>\n<\/ul>\n\n\n\n<div style=\"height:42px\" aria-hidden=\"true\" class=\"wp-block-spacer\"><\/div>\n\n\n\n<figure class=\"wp-block-image size-large\"><img decoding=\"async\" loading=\"lazy\" width=\"768\" height=\"1024\" src=\"http:\/\/jojo-fit.ch\/wp-content\/uploads\/2022\/11\/20200504_200705-768x1024.jpg\" alt=\"\" class=\"wp-image-553\" srcset=\"https:\/\/jojo-fit.ch\/wp-content\/uploads\/2022\/11\/20200504_200705-768x1024.jpg 768w, https:\/\/jojo-fit.ch\/wp-content\/uploads\/2022\/11\/20200504_200705-225x300.jpg 225w, https:\/\/jojo-fit.ch\/wp-content\/uploads\/2022\/11\/20200504_200705-1152x1536.jpg 1152w, https:\/\/jojo-fit.ch\/wp-content\/uploads\/2022\/11\/20200504_200705-1536x2048.jpg 1536w, https:\/\/jojo-fit.ch\/wp-content\/uploads\/2022\/11\/20200504_200705-scaled.jpg 1920w\" sizes=\"(max-width: 767px) 89vw, (max-width: 1000px) 54vw, (max-width: 1071px) 543px, 580px\" \/><figcaption class=\"wp-element-caption\">Der Anfang<\/figcaption><\/figure>\n","protected":false},"excerpt":{"rendered":"","protected":false},"author":1,"featured_media":0,"parent":119,"menu_order":10,"comment_status":"closed","ping_status":"closed","template":"","meta":[],"_links":{"self":[{"href":"https:\/\/jojo-fit.ch\/index.php\/wp-json\/wp\/v2\/pages\/310"}],"collection":[{"href":"https:\/\/jojo-fit.ch\/index.php\/wp-json\/wp\/v2\/pages"}],"about":[{"href":"https:\/\/jojo-fit.ch\/index.php\/wp-json\/wp\/v2\/types\/page"}],"author":[{"embeddable":true,"href":"https:\/\/jojo-fit.ch\/index.php\/wp-json\/wp\/v2\/users\/1"}],"replies":[{"embeddable":true,"href":"https:\/\/jojo-fit.ch\/index.php\/wp-json\/wp\/v2\/comments?post=310"}],"version-history":[{"count":5,"href":"https:\/\/jojo-fit.ch\/index.php\/wp-json\/wp\/v2\/pages\/310\/revisions"}],"predecessor-version":[{"id":559,"href":"https:\/\/jojo-fit.ch\/index.php\/wp-json\/wp\/v2\/pages\/310\/revisions\/559"}],"up":[{"embeddable":true,"href":"https:\/\/jojo-fit.ch\/index.php\/wp-json\/wp\/v2\/pages\/119"}],"wp:attachment":[{"href":"https:\/\/jojo-fit.ch\/index.php\/wp-json\/wp\/v2\/media?parent=310"}],"curies":[{"name":"wp","href":"https:\/\/api.w.org\/{rel}","templated":true}]}}