{"id":238,"date":"2022-11-24T22:54:26","date_gmt":"2022-11-24T21:54:26","guid":{"rendered":"https:\/\/jojo-fit.ch\/?page_id=238"},"modified":"2022-12-04T07:43:39","modified_gmt":"2022-12-04T06:43:39","slug":"stand-up-paddle","status":"publish","type":"page","link":"https:\/\/jojo-fit.ch\/index.php\/hobbys\/stand-up-paddle\/","title":{"rendered":"Stand Up Paddle"},"content":{"rendered":"\n<p><strong><mark style=\"background-color:rgba(0, 0, 0, 0)\" class=\"has-inline-color has-vivid-cyan-blue-color\">Was bringt Stand Up Paddling?<\/mark><\/strong> &#8211; Das dauernde Paddeln und Ausbalancieren auf dem SUP-Board trainiert den Oberk\u00f6rper, Bauch und R\u00fccken sowie die gesamte Tiefenmuskulatur des Rumpfes und der Beine \u2013 zus\u00e4tzlich stabilisiert es die Knie- und Fussgelenke. Ganz nebenbei verbessert sich auch der Gleichgewichtssinn enorm.<\/p>\n\n\n\n<p><mark style=\"background-color:rgba(0, 0, 0, 0)\" class=\"has-inline-color has-vivid-cyan-blue-color\"><strong>F\u00fcr wen ist SUP geeignet?<\/strong><\/mark> &#8211; SUP ist einfach zu erlernen und trainiert die gesamte K\u00f6rpermuskulatur. Es ist ein Sport f\u00fcr jung und alt, Anf\u00e4nger und Fortgeschrittene, da du die Intensit\u00e4t, je nach Fahrweise, anpassen kannst.<\/p>\n\n\n\n<p><strong><mark style=\"background-color:rgba(0, 0, 0, 0)\" class=\"has-inline-color has-vivid-cyan-blue-color\">Wie viele Kalorien verbrennt man beim SUP?<\/mark><\/strong> &#8211; Bis zu 700 kcal kann man in einer Stunde SUP &#8211; Sport verbrennen. Das entspricht ungef\u00e4hr der Menge, die ein Jogger pro Stunde verbraucht. Immer \u00f6fter sieht man auf ruhigen Gew\u00e4ssern Gruppen junger Menschen, die auf ihren SUP`s Turn\u00fcbungen vollziehen.<\/p>\n\n\n\n<div style=\"height:26px\" aria-hidden=\"true\" class=\"wp-block-spacer\"><\/div>\n\n\n\n<figure class=\"is-layout-flex wp-block-gallery-1 wp-block-gallery has-nested-images columns-default is-cropped\">\n<figure class=\"wp-block-image size-large\"><img decoding=\"async\" loading=\"lazy\" width=\"1024\" height=\"545\" data-id=\"561\"  src=\"https:\/\/jojo-fit.ch\/wp-content\/uploads\/2022\/11\/IMAG5030-scaled-e1669729854369-1024x545.jpg\" alt=\"\" class=\"wp-image-561\" srcset=\"https:\/\/jojo-fit.ch\/wp-content\/uploads\/2022\/11\/IMAG5030-scaled-e1669729854369-1024x545.jpg 1024w, https:\/\/jojo-fit.ch\/wp-content\/uploads\/2022\/11\/IMAG5030-scaled-e1669729854369-300x160.jpg 300w, https:\/\/jojo-fit.ch\/wp-content\/uploads\/2022\/11\/IMAG5030-scaled-e1669729854369-768x409.jpg 768w, https:\/\/jojo-fit.ch\/wp-content\/uploads\/2022\/11\/IMAG5030-scaled-e1669729854369-1536x818.jpg 1536w, https:\/\/jojo-fit.ch\/wp-content\/uploads\/2022\/11\/IMAG5030-scaled-e1669729854369-2048x1090.jpg 2048w\" sizes=\"(max-width: 767px) 89vw, (max-width: 1000px) 54vw, (max-width: 1071px) 543px, 580px\" \/><\/figure>\n\n\n\n<figure class=\"wp-block-image size-large\"><img decoding=\"async\" loading=\"lazy\" width=\"766\" height=\"1024\" data-id=\"562\"  src=\"https:\/\/jojo-fit.ch\/wp-content\/uploads\/2022\/11\/IMAG5044-scaled-e1669729800466-766x1024.jpg\" alt=\"\" class=\"wp-image-562\" srcset=\"https:\/\/jojo-fit.ch\/wp-content\/uploads\/2022\/11\/IMAG5044-scaled-e1669729800466-766x1024.jpg 766w, https:\/\/jojo-fit.ch\/wp-content\/uploads\/2022\/11\/IMAG5044-scaled-e1669729800466-225x300.jpg 225w, https:\/\/jojo-fit.ch\/wp-content\/uploads\/2022\/11\/IMAG5044-scaled-e1669729800466-768x1026.jpg 768w, https:\/\/jojo-fit.ch\/wp-content\/uploads\/2022\/11\/IMAG5044-scaled-e1669729800466-1150x1536.jpg 1150w, https:\/\/jojo-fit.ch\/wp-content\/uploads\/2022\/11\/IMAG5044-scaled-e1669729800466.jpg 1446w\" sizes=\"(max-width: 706px) 89vw, (max-width: 767px) 82vw, 740px\" \/><\/figure>\n\n\n\n<figure class=\"wp-block-image size-large\"><img decoding=\"async\" loading=\"lazy\" width=\"764\" height=\"1024\" data-id=\"560\"  src=\"https:\/\/jojo-fit.ch\/wp-content\/uploads\/2022\/11\/IMAG4816-scaled-e1669729890379-764x1024.jpg\" alt=\"\" class=\"wp-image-560\" srcset=\"https:\/\/jojo-fit.ch\/wp-content\/uploads\/2022\/11\/IMAG4816-scaled-e1669729890379-764x1024.jpg 764w, https:\/\/jojo-fit.ch\/wp-content\/uploads\/2022\/11\/IMAG4816-scaled-e1669729890379-224x300.jpg 224w, https:\/\/jojo-fit.ch\/wp-content\/uploads\/2022\/11\/IMAG4816-scaled-e1669729890379-768x1030.jpg 768w, https:\/\/jojo-fit.ch\/wp-content\/uploads\/2022\/11\/IMAG4816-scaled-e1669729890379-1145x1536.jpg 1145w, https:\/\/jojo-fit.ch\/wp-content\/uploads\/2022\/11\/IMAG4816-scaled-e1669729890379.jpg 1446w\" sizes=\"(max-width: 706px) 89vw, (max-width: 767px) 82vw, 740px\" \/><\/figure>\n\n\n\n<figure class=\"wp-block-image size-large\"><img decoding=\"async\" loading=\"lazy\" width=\"741\" height=\"1024\" data-id=\"564\"  src=\"https:\/\/jojo-fit.ch\/wp-content\/uploads\/2022\/11\/Test-scaled-e1669729755620-741x1024.jpg\" alt=\"\" class=\"wp-image-564\" srcset=\"https:\/\/jojo-fit.ch\/wp-content\/uploads\/2022\/11\/Test-scaled-e1669729755620-741x1024.jpg 741w, https:\/\/jojo-fit.ch\/wp-content\/uploads\/2022\/11\/Test-scaled-e1669729755620-217x300.jpg 217w, https:\/\/jojo-fit.ch\/wp-content\/uploads\/2022\/11\/Test-scaled-e1669729755620-768x1061.jpg 768w, https:\/\/jojo-fit.ch\/wp-content\/uploads\/2022\/11\/Test-scaled-e1669729755620-1111x1536.jpg 1111w, https:\/\/jojo-fit.ch\/wp-content\/uploads\/2022\/11\/Test-scaled-e1669729755620.jpg 1440w\" sizes=\"(max-width: 706px) 89vw, (max-width: 767px) 82vw, 740px\" \/><\/figure>\n\n\n\n<figure class=\"wp-block-image size-large\"><img decoding=\"async\" loading=\"lazy\" width=\"1024\" height=\"895\" data-id=\"563\"  src=\"https:\/\/jojo-fit.ch\/wp-content\/uploads\/2022\/11\/Stand-Up-1-e1669729930553-1024x895.jpg\" alt=\"\" class=\"wp-image-563\" srcset=\"https:\/\/jojo-fit.ch\/wp-content\/uploads\/2022\/11\/Stand-Up-1-e1669729930553-1024x895.jpg 1024w, https:\/\/jojo-fit.ch\/wp-content\/uploads\/2022\/11\/Stand-Up-1-e1669729930553-300x262.jpg 300w, https:\/\/jojo-fit.ch\/wp-content\/uploads\/2022\/11\/Stand-Up-1-e1669729930553-768x672.jpg 768w, https:\/\/jojo-fit.ch\/wp-content\/uploads\/2022\/11\/Stand-Up-1-e1669729930553.jpg 1259w\" sizes=\"(max-width: 767px) 89vw, (max-width: 1000px) 54vw, (max-width: 1071px) 543px, 580px\" \/><\/figure>\n<\/figure>\n","protected":false},"excerpt":{"rendered":"<p>Was bringt Stand Up Paddling? &#8211; Das dauernde Paddeln und Ausbalancieren auf dem SUP-Board trainiert den Oberk\u00f6rper, Bauch und R\u00fccken sowie die gesamte Tiefenmuskulatur des Rumpfes und der Beine \u2013 zus\u00e4tzlich stabilisiert es die Knie- und Fussgelenke. Ganz nebenbei verbessert sich auch der Gleichgewichtssinn enorm. F\u00fcr wen ist SUP geeignet? &#8211; SUP ist einfach zu &hellip; <\/p>\n<p class=\"link-more\"><a href=\"https:\/\/jojo-fit.ch\/index.php\/hobbys\/stand-up-paddle\/\" class=\"more-link\"><span class=\"screen-reader-text\">\u201eStand Up Paddle\u201c<\/span> weiterlesen<\/a><\/p>\n","protected":false},"author":1,"featured_media":0,"parent":119,"menu_order":12,"comment_status":"closed","ping_status":"closed","template":"","meta":[],"_links":{"self":[{"href":"https:\/\/jojo-fit.ch\/index.php\/wp-json\/wp\/v2\/pages\/238"}],"collection":[{"href":"https:\/\/jojo-fit.ch\/index.php\/wp-json\/wp\/v2\/pages"}],"about":[{"href":"https:\/\/jojo-fit.ch\/index.php\/wp-json\/wp\/v2\/types\/page"}],"author":[{"embeddable":true,"href":"https:\/\/jojo-fit.ch\/index.php\/wp-json\/wp\/v2\/users\/1"}],"replies":[{"embeddable":true,"href":"https:\/\/jojo-fit.ch\/index.php\/wp-json\/wp\/v2\/comments?post=238"}],"version-history":[{"count":11,"href":"https:\/\/jojo-fit.ch\/index.php\/wp-json\/wp\/v2\/pages\/238\/revisions"}],"predecessor-version":[{"id":892,"href":"https:\/\/jojo-fit.ch\/index.php\/wp-json\/wp\/v2\/pages\/238\/revisions\/892"}],"up":[{"embeddable":true,"href":"https:\/\/jojo-fit.ch\/index.php\/wp-json\/wp\/v2\/pages\/119"}],"wp:attachment":[{"href":"https:\/\/jojo-fit.ch\/index.php\/wp-json\/wp\/v2\/media?parent=238"}],"curies":[{"name":"wp","href":"https:\/\/api.w.org\/{rel}","templated":true}]}}