{"id":200,"date":"2022-11-24T11:30:20","date_gmt":"2022-11-24T10:30:20","guid":{"rendered":"https:\/\/jojo-fit.ch\/?page_id=200"},"modified":"2022-11-30T00:38:51","modified_gmt":"2022-11-29T23:38:51","slug":"aqua-fit-2","status":"publish","type":"page","link":"https:\/\/jojo-fit.ch\/index.php\/ueber-mich\/aqua-fit-2\/","title":{"rendered":"Aqua &#8211; Fit"},"content":{"rendered":"\n<p><\/p>\n\n\n\n<p><strong><mark style=\"background-color:rgba(0, 0, 0, 0)\" class=\"has-inline-color has-vivid-cyan-blue-color\">F\u00fcr wen ist Aquafitness geeignet?<\/mark><\/strong> &#8211; Vor allem \u00c4ltere, \u00dcbergewichtige, Schwangere, aber auch verletzte Sportler k\u00f6nnen durch die gelenkschonende Aquafitness aktiv bleiben oder wieder mit Freude fit werden.<\/p>\n\n\n\n<p><strong><mark style=\"background-color:rgba(0, 0, 0, 0)\" class=\"has-inline-color has-vivid-cyan-blue-color\">Was bewirkt Aquafitness?<\/mark><\/strong> &#8211; Das Training im Wasser st\u00e4rkt unter anderem auch unser Herz-Kreislaufsystem und verhilft zu mehr Kraft und Ausdauer. Au\u00dferdem wird die Atemmuskulatur trainiert und der Stoffwechsel angeregt und verbessert. Durch den Wasserwiderstand wird unser Gewebe gestrafft und die Durchblutung verst\u00e4rkt.<\/p>\n\n\n\n<p><strong><mark style=\"background-color:rgba(0, 0, 0, 0)\" class=\"has-inline-color has-vivid-cyan-blue-color\">Ist Aquafitness effektiv?<\/mark><\/strong> &#8211; Aqua-Training ist ein effektiver Kalorienkiller. Zum einen ben\u00f6tigen Sie durch den Wasserwiderstand sehr viel Energie und verbrennen dabei entsprechend viele Kalorien. Zum anderen erh\u00f6ht der K\u00f6rper in der k\u00fchleren Umgebung den Stoffwechsel, um nicht auszuk\u00fchlen. Das kurbelt den Kalorienverbrauch zus\u00e4tzlich an.<\/p>\n\n\n\n<p><strong><mark style=\"background-color:rgba(0, 0, 0, 0)\" class=\"has-inline-color has-vivid-cyan-blue-color\">Kann man mit Aquafitness Abnehmen?<\/mark><\/strong> &#8211; Aquafitness ist genau das Richtige f\u00fcr diejenigen, die gesund durch ein gezieltes Ganzk\u00f6rpertraining abnehmen m\u00f6chten. Aquafitness \u00dcbungen steigern sowohl die Kraft, Ausdauer und die Beweglichkeit und stellen somit ein ideales Fitnesstraining dar.<\/p>\n\n\n\n<p><strong><mark style=\"background-color:rgba(0, 0, 0, 0)\" class=\"has-inline-color has-vivid-cyan-blue-color\">Kann man mit Wassergymnastik Muskeln aufbauen?<\/mark><\/strong> &#8211; Bei der Wassergymnastik trainiert man die Muskeln und den gesamten Bewegungsapparat. Der Gleichgewichtssinn und die Ausdauer werden durch die \u00dcbungen ebenso trainiert. Man kann bei der Gymnastik daher von einem ganzheitlichen Training sprechen.<\/p>\n\n\n\n<p><strong><mark style=\"background-color:rgba(0, 0, 0, 0)\" class=\"has-inline-color has-vivid-cyan-blue-color\">Welche Muskeln werden beim Aquajogging trainiert?<\/mark><\/strong> &#8211; Richtig ausgef\u00fchrt, ist Aquajoggen ein Ganzk\u00f6rper-Training und beansprucht nicht nur die Beine, sondern auch Arme, Schultern und Haltemuskulatur.<\/p>\n\n\n\n<figure class=\"wp-block-video\"><video controls src=\"https:\/\/jojo-fit.ch\/wp-content\/uploads\/2022\/11\/Aqua-Fit-1.mp4\"><\/video><figcaption class=\"wp-element-caption\">Aqua Fit Test vom Arbeitskollegin ausgetrickst \ud83d\ude42<\/figcaption><\/figure>\n","protected":false},"excerpt":{"rendered":"<p>F\u00fcr wen ist Aquafitness geeignet? &#8211; Vor allem \u00c4ltere, \u00dcbergewichtige, Schwangere, aber auch verletzte Sportler k\u00f6nnen durch die gelenkschonende Aquafitness aktiv bleiben oder wieder mit Freude fit werden. Was bewirkt Aquafitness? &#8211; Das Training im Wasser st\u00e4rkt unter anderem auch unser Herz-Kreislaufsystem und verhilft zu mehr Kraft und Ausdauer. Au\u00dferdem wird die Atemmuskulatur trainiert und &hellip; <\/p>\n<p class=\"link-more\"><a href=\"https:\/\/jojo-fit.ch\/index.php\/ueber-mich\/aqua-fit-2\/\" class=\"more-link\"><span class=\"screen-reader-text\">\u201eAqua &#8211; Fit\u201c<\/span> weiterlesen<\/a><\/p>\n","protected":false},"author":1,"featured_media":198,"parent":13,"menu_order":1,"comment_status":"closed","ping_status":"closed","template":"","meta":[],"_links":{"self":[{"href":"https:\/\/jojo-fit.ch\/index.php\/wp-json\/wp\/v2\/pages\/200"}],"collection":[{"href":"https:\/\/jojo-fit.ch\/index.php\/wp-json\/wp\/v2\/pages"}],"about":[{"href":"https:\/\/jojo-fit.ch\/index.php\/wp-json\/wp\/v2\/types\/page"}],"author":[{"embeddable":true,"href":"https:\/\/jojo-fit.ch\/index.php\/wp-json\/wp\/v2\/users\/1"}],"replies":[{"embeddable":true,"href":"https:\/\/jojo-fit.ch\/index.php\/wp-json\/wp\/v2\/comments?post=200"}],"version-history":[{"count":19,"href":"https:\/\/jojo-fit.ch\/index.php\/wp-json\/wp\/v2\/pages\/200\/revisions"}],"predecessor-version":[{"id":663,"href":"https:\/\/jojo-fit.ch\/index.php\/wp-json\/wp\/v2\/pages\/200\/revisions\/663"}],"up":[{"embeddable":true,"href":"https:\/\/jojo-fit.ch\/index.php\/wp-json\/wp\/v2\/pages\/13"}],"wp:featuredmedia":[{"embeddable":true,"href":"https:\/\/jojo-fit.ch\/index.php\/wp-json\/wp\/v2\/media\/198"}],"wp:attachment":[{"href":"https:\/\/jojo-fit.ch\/index.php\/wp-json\/wp\/v2\/media?parent=200"}],"curies":[{"name":"wp","href":"https:\/\/api.w.org\/{rel}","templated":true}]}}